{"id":15,"date":"2023-11-22T11:13:41","date_gmt":"2023-11-22T11:13:41","guid":{"rendered":"https:\/\/blaagaards.dk\/?page_id=15"},"modified":"2024-06-26T14:34:00","modified_gmt":"2024-06-26T12:34:00","slug":"blagards","status":"publish","type":"page","link":"https:\/\/blaagaards.dk\/","title":{"rendered":"Bl\u00e5g\u00e5rds"},"content":{"rendered":"<p>[et_pb_section fb_built=&#8221;1&#8243; _builder_version=&#8221;4.23.1&#8243; _module_preset=&#8221;default&#8221; background_image=&#8221;http:\/\/blaagaards-dk.preview-domain.com\/wp-content\/uploads\/2023\/11\/0000186800201-scaled.jpg&#8221; parallax=&#8221;on&#8221; height=&#8221;100vh&#8221; custom_margin=&#8221;0px|0px|0px|0px|false|false&#8221; custom_padding=&#8221;0px|0px|0px|0px|false|false&#8221; global_colors_info=&#8221;{}&#8221;][et_pb_row make_equal=&#8221;on&#8221; _builder_version=&#8221;4.23.1&#8243; _module_preset=&#8221;default&#8221; background_image=&#8221;https:\/\/blaagaards.dk\/wp-content\/uploads\/2023\/11\/bg_square_grey2-1.png&#8221; background_size=&#8221;custom&#8221; background_image_width=&#8221;3%&#8221; background_repeat=&#8221;repeat&#8221; background_blend=&#8221;lighten&#8221; width=&#8221;100%&#8221; max_width=&#8221;none&#8221; max_width_last_edited=&#8221;off|desktop&#8221; height=&#8221;100%&#8221; custom_css_free_form=&#8221;.selector {||  display: flex;||  justify-content: center;||  align-items: center;||}&#8221; global_colors_info=&#8221;{}&#8221;][et_pb_column type=&#8221;4_4&#8243; _builder_version=&#8221;4.23.1&#8243; _module_preset=&#8221;default&#8221; global_colors_info=&#8221;{}&#8221;][et_pb_image src=&#8221;https:\/\/blaagaards.dk\/wp-content\/uploads\/2023\/11\/blagards_2023_logo.png&#8221; alt=&#8221;Bl\u00e5g\u00e5rds logo red&#8221; title_text=&#8221;bla\u030aga\u030ards_2023_logo&#8221; align=&#8221;center&#8221; _builder_version=&#8221;4.23.1&#8243; _module_preset=&#8221;default&#8221; global_colors_info=&#8221;{}&#8221;][\/et_pb_image][\/et_pb_column][\/et_pb_row][\/et_pb_section][et_pb_section fb_built=&#8221;1&#8243; _builder_version=&#8221;4.23.1&#8243; _module_preset=&#8221;default&#8221; custom_margin=&#8221;0px|0px|0px|0px|false|false&#8221; custom_padding=&#8221;0px|0px|0px|0px|false|false&#8221; global_colors_info=&#8221;{}&#8221;][et_pb_row _builder_version=&#8221;4.23.1&#8243; _module_preset=&#8221;default&#8221; width=&#8221;100%&#8221; max_width=&#8221;none&#8221; custom_margin=&#8221;0px||0px||false|false&#8221; custom_padding=&#8221;0px|0px|0px|0px|false|false&#8221; global_colors_info=&#8221;{}&#8221;][et_pb_column type=&#8221;4_4&#8243; _builder_version=&#8221;4.23.1&#8243; _module_preset=&#8221;default&#8221; global_colors_info=&#8221;{}&#8221;][et_pb_image src=&#8221;https:\/\/blaagaards.dk\/wp-content\/uploads\/2024\/06\/blaagaards_sortiment1.jpg&#8221; alt=&#8221;Bl\u00e5g\u00e5rds flaske sortiment&#8221; title_text=&#8221;blaagaards_sortiment(1)&#8221; force_fullwidth=&#8221;on&#8221; _builder_version=&#8221;4.23.1&#8243; _module_preset=&#8221;default&#8221; hover_enabled=&#8221;0&#8243; global_colors_info=&#8221;{}&#8221; sticky_enabled=&#8221;0&#8243;][\/et_pb_image][\/et_pb_column][\/et_pb_row][\/et_pb_section][et_pb_section fb_built=&#8221;1&#8243; _builder_version=&#8221;4.23.1&#8243; _module_preset=&#8221;default&#8221; background_color=&#8221;#EEEDDD&#8221; background_image=&#8221;http:\/\/blaagaards-dk.preview-domain.com\/wp-content\/uploads\/2023\/11\/bg_square_grey2-1.png&#8221; background_size=&#8221;custom&#8221; background_image_width=&#8221;30px&#8221; background_repeat=&#8221;repeat&#8221; global_colors_info=&#8221;{}&#8221;][et_pb_row column_structure=&#8221;1_2,1_2&#8243; make_equal=&#8221;on&#8221; _builder_version=&#8221;4.23.1&#8243; _module_preset=&#8221;default&#8221; custom_padding=&#8221;3%||3%||false|false&#8221; global_colors_info=&#8221;{}&#8221;][et_pb_column type=&#8221;1_2&#8243; _builder_version=&#8221;4.23.1&#8243; _module_preset=&#8221;default&#8221; global_colors_info=&#8221;{}&#8221;][et_pb_image src=&#8221;https:\/\/blaagaards.dk\/wp-content\/uploads\/2023\/11\/Blagards-Pils-flaske.png&#8221; title_text=&#8221;Bla\u030aga\u030ards Pils, flaske&#8221; _builder_version=&#8221;4.23.1&#8243; _module_preset=&#8221;default&#8221; global_colors_info=&#8221;{}&#8221;][\/et_pb_image][\/et_pb_column][et_pb_column type=&#8221;1_2&#8243; _builder_version=&#8221;4.23.1&#8243; _module_preset=&#8221;default&#8221; custom_css_main_element=&#8221;margin: auto;&#8221; global_colors_info=&#8221;{}&#8221;][et_pb_text _builder_version=&#8221;4.23.1&#8243; _module_preset=&#8221;default&#8221; global_colors_info=&#8221;{}&#8221;]<\/p>\n<div class=\"et_pb_module et_pb_text et_pb_text_3  et_pb_text_align_left et_pb_bg_layout_light\">\n<div class=\"et_pb_text_inner\">\n<h2 style=\"padding-left: 40px; text-align: center;\">\u00d8KO PILSNER<\/h2>\n<p style=\"padding-left: 40px; text-align: center;\">Bl\u00e5g\u00e5rds er vores bud p\u00e5 en let og forfriskende pilsner.<\/p>\n<p style=\"text-align: center;\">Den er brygget med inspiration fra amerikansk\/sydamerikansk<span><br \/><\/span>\u00f8l-tradition, der bringer et mere spr\u00f8dt og let udtryk til den europ\u00e6iske \u00f8l. Dermed opn\u00e5r vi en meget letdrikkelig pilsner, der har godt med smag, helt uden det bliver tungt.<\/p>\n<\/div>\n<\/div>\n<p>[\/et_pb_text][\/et_pb_column][\/et_pb_row][et_pb_row column_structure=&#8221;1_2,1_2&#8243; make_equal=&#8221;on&#8221; _builder_version=&#8221;4.23.1&#8243; _module_preset=&#8221;default&#8221; custom_padding=&#8221;3%||3%||false|false&#8221; global_colors_info=&#8221;{}&#8221;][et_pb_column type=&#8221;1_2&#8243; _builder_version=&#8221;4.23.1&#8243; _module_preset=&#8221;default&#8221; custom_css_main_element=&#8221;margin: auto;&#8221; global_colors_info=&#8221;{}&#8221;][et_pb_text _builder_version=&#8221;4.23.1&#8243; _module_preset=&#8221;default&#8221; global_colors_info=&#8221;{}&#8221;]<\/p>\n<div class=\"et_pb_module et_pb_text et_pb_text_3  et_pb_text_align_left et_pb_bg_layout_light\">\n<div class=\"et_pb_text_inner\" style=\"text-align: center;\">\n<h2 style=\"padding-left: 40px; text-align: center;\">\u00d8KO IPA<\/h2>\n<p>Vores Sommer IPA er dejlig forfriskende \u00f8l, med humlesorter der giver masser af blomsternoter. Kombineret med en smule hyldeblomst opn\u00e5r vi perfekt balance mellem det friske, det bitre og s\u00f8de. En t\u00f8rstslukkende \u00f8loplevelse,<br \/>der er v\u00e6rd at vende tilbage til.<\/div>\n<\/div>\n<p>[\/et_pb_text][\/et_pb_column][et_pb_column type=&#8221;1_2&#8243; _builder_version=&#8221;4.23.1&#8243; _module_preset=&#8221;default&#8221; custom_css_main_element=&#8221;margin: auto;&#8221; global_colors_info=&#8221;{}&#8221;][et_pb_image src=&#8221;https:\/\/blaagaards.dk\/wp-content\/uploads\/2023\/11\/Blagards-IPA-flaske.png&#8221; title_text=&#8221;Bla\u030aga\u030ards IPA, flaske&#8221; _builder_version=&#8221;4.23.1&#8243; _module_preset=&#8221;default&#8221; global_colors_info=&#8221;{}&#8221;][\/et_pb_image][\/et_pb_column][\/et_pb_row][et_pb_row column_structure=&#8221;1_2,1_2&#8243; make_equal=&#8221;on&#8221; _builder_version=&#8221;4.23.1&#8243; _module_preset=&#8221;default&#8221; custom_padding=&#8221;3%||3%||false|false&#8221; global_colors_info=&#8221;{}&#8221;][et_pb_column type=&#8221;1_2&#8243; _builder_version=&#8221;4.23.1&#8243; _module_preset=&#8221;default&#8221; global_colors_info=&#8221;{}&#8221;][et_pb_image src=&#8221;https:\/\/blaagaards.dk\/wp-content\/uploads\/2023\/11\/Blagards-Sour-flaske.png&#8221; title_text=&#8221;Bla\u030aga\u030ards Sour, flaske&#8221; _builder_version=&#8221;4.23.1&#8243; _module_preset=&#8221;default&#8221; global_colors_info=&#8221;{}&#8221;][\/et_pb_image][\/et_pb_column][et_pb_column type=&#8221;1_2&#8243; _builder_version=&#8221;4.23.1&#8243; _module_preset=&#8221;default&#8221; custom_css_main_element=&#8221;margin: auto;&#8221; global_colors_info=&#8221;{}&#8221;][et_pb_text _builder_version=&#8221;4.23.1&#8243; _module_preset=&#8221;default&#8221; global_colors_info=&#8221;{}&#8221;]<\/p>\n<div class=\"et_pb_module et_pb_text et_pb_text_3  et_pb_text_align_left et_pb_bg_layout_light\">\n<div class=\"et_pb_text_inner\" style=\"text-align: center;\">\n<h2 style=\"padding-left: 40px; text-align: center;\">\u00d8KO HINDB\u00c6R SOUR<\/h2>\n<p>Bl\u00e5g\u00e5rds Hindb\u00e6r Sour er vores bud p\u00e5 en syrlig og forfriskende Sour \u00f8l. Med afs\u00e6t i den tyske \u00f8lype \u2018Berliner Weisse\u2019, har vi lavet en syrlig \u00f8l der sender tankerne direkte mod hindb\u00e6rbeddet. Med naturlig lethed giver vores Hindb\u00e6r Sour en god balance mellem s\u00f8dme og frugtig syre.<\/p><\/div>\n<\/div>\n<p>[\/et_pb_text][\/et_pb_column][\/et_pb_row][et_pb_row column_structure=&#8221;1_2,1_2&#8243; make_equal=&#8221;on&#8221; _builder_version=&#8221;4.23.1&#8243; _module_preset=&#8221;default&#8221; custom_padding=&#8221;3%||3%||false|false&#8221; global_colors_info=&#8221;{}&#8221;][et_pb_column type=&#8221;1_2&#8243; _builder_version=&#8221;4.23.1&#8243; _module_preset=&#8221;default&#8221; custom_css_main_element=&#8221;margin: auto;&#8221; global_colors_info=&#8221;{}&#8221;][et_pb_text _builder_version=&#8221;4.23.1&#8243; _module_preset=&#8221;default&#8221; global_colors_info=&#8221;{}&#8221;]<\/p>\n<div class=\"et_pb_module et_pb_text et_pb_text_3  et_pb_text_align_left et_pb_bg_layout_light\">\n<div class=\"et_pb_text_inner\" style=\"text-align: center;\">\n<h2 style=\"padding-left: 40px; text-align: center;\">\u00d8KO VIENNA LAGER<\/h2>\n<p>Bl\u00e5g\u00e5rds Vienna Lager er kendetegnet som v\u00e6rende en rigtig smagfuld t\u00f8rstslukker.<br \/>En ristet lager pilsner \u00f8l med rav gl\u00f8d og fast og fyldig karakter af malt med en subtil og balanceret bitterhed.<\/div>\n<\/div>\n<p>[\/et_pb_text][\/et_pb_column][et_pb_column type=&#8221;1_2&#8243; _builder_version=&#8221;4.23.1&#8243; _module_preset=&#8221;default&#8221; custom_css_main_element=&#8221;margin: auto;&#8221; global_colors_info=&#8221;{}&#8221;][et_pb_image src=&#8221;https:\/\/blaagaards.dk\/wp-content\/uploads\/2024\/06\/Bg1111-1024&#215;1024.png&#8221; alt=&#8221;Bl\u00e5g\u00e5rds logo red&#8221; title_text=&#8221;Bg111(1)&#8221; _builder_version=&#8221;4.23.1&#8243; _module_preset=&#8221;default&#8221; hover_enabled=&#8221;0&#8243; global_colors_info=&#8221;{}&#8221; sticky_enabled=&#8221;0&#8243;][\/et_pb_image][\/et_pb_column][\/et_pb_row][et_pb_row column_structure=&#8221;1_2,1_2&#8243; make_equal=&#8221;on&#8221; _builder_version=&#8221;4.23.1&#8243; _module_preset=&#8221;default&#8221; custom_padding=&#8221;3%||3%||false|false&#8221; global_colors_info=&#8221;{}&#8221;][et_pb_column type=&#8221;1_2&#8243; _builder_version=&#8221;4.23.1&#8243; _module_preset=&#8221;default&#8221; global_colors_info=&#8221;{}&#8221;][et_pb_image src=&#8221;https:\/\/blaagaards.dk\/wp-content\/uploads\/2024\/06\/Bg1221-1024&#215;1024.png&#8221; alt=&#8221;Bl\u00e5g\u00e5rds Fri&#8221; title_text=&#8221;Bg122(1)&#8221; _builder_version=&#8221;4.23.1&#8243; _module_preset=&#8221;default&#8221; hover_enabled=&#8221;0&#8243; global_colors_info=&#8221;{}&#8221; sticky_enabled=&#8221;0&#8243;][\/et_pb_image][\/et_pb_column][et_pb_column type=&#8221;1_2&#8243; _builder_version=&#8221;4.23.1&#8243; _module_preset=&#8221;default&#8221; custom_css_main_element=&#8221;margin: auto;&#8221; global_colors_info=&#8221;{}&#8221;][et_pb_text _builder_version=&#8221;4.23.1&#8243; _module_preset=&#8221;default&#8221; global_colors_info=&#8221;{}&#8221;]<\/p>\n<div class=\"et_pb_module et_pb_text et_pb_text_3  et_pb_text_align_left et_pb_bg_layout_light\">\n<div class=\"et_pb_text_inner\" style=\"text-align: center;\">\n<h2 style=\"padding-left: 40px; text-align: center;\">\u00d8KO FRI 0,5%<\/h2>\n<p>Bl\u00e5g\u00e5rds Fri er vores senest \u00f8l og en \u00f8kologisk, alkoholfri \u00f8l, der leverer en frisk og crisp smagsoplevelse. Med en velafbalanceret humlet smag, tilbyder Bl\u00e5g\u00e5rds Fri alt det bedste fra en klassisk \u00f8l &#8211; uden alkohol. Perfekt til dem, der \u00f8nsker en forfriskende drik uden kompromis med \u00f8l oplevelsen.<\/p>\n<\/div>\n<\/div>\n<p>[\/et_pb_text][\/et_pb_column][\/et_pb_row][\/et_pb_section][et_pb_section fb_built=&#8221;1&#8243; _builder_version=&#8221;4.23.1&#8243; _module_preset=&#8221;default&#8221; background_color=&#8221;#EEEDDD&#8221; global_colors_info=&#8221;{}&#8221;][et_pb_row _builder_version=&#8221;4.23.1&#8243; _module_preset=&#8221;default&#8221; global_colors_info=&#8221;{}&#8221;][et_pb_column type=&#8221;4_4&#8243; _builder_version=&#8221;4.23.1&#8243; _module_preset=&#8221;default&#8221; global_colors_info=&#8221;{}&#8221;][et_pb_text _builder_version=&#8221;4.23.1&#8243; _module_preset=&#8221;default&#8221; global_colors_info=&#8221;{}&#8221;]<\/p>\n<h2 style=\"text-align: center;\">Et udpluk af Bl\u00e5g\u00e5rds partnere &lt;3<\/h2>\n<p>[\/et_pb_text][\/et_pb_column][\/et_pb_row][et_pb_row column_structure=&#8221;1_4,1_4,1_4,1_4&#8243; _builder_version=&#8221;4.23.1&#8243; _module_preset=&#8221;default&#8221; global_colors_info=&#8221;{}&#8221;][et_pb_column type=&#8221;1_4&#8243; _builder_version=&#8221;4.23.1&#8243; _module_preset=&#8221;default&#8221; global_colors_info=&#8221;{}&#8221;][et_pb_image src=&#8221;https:\/\/blaagaards.dk\/wp-content\/uploads\/2023\/11\/oel_logoer6-400&#215;284-1.png&#8221; title_text=&#8221;oel_logoer6-400&#215;284&#8243; _builder_version=&#8221;4.23.1&#8243; _module_preset=&#8221;default&#8221; global_colors_info=&#8221;{}&#8221;][\/et_pb_image][\/et_pb_column][et_pb_column type=&#8221;1_4&#8243; _builder_version=&#8221;4.23.1&#8243; _module_preset=&#8221;default&#8221; global_colors_info=&#8221;{}&#8221;][et_pb_image src=&#8221;https:\/\/blaagaards.dk\/wp-content\/uploads\/2023\/11\/Minas-400&#215;284-1.png&#8221; title_text=&#8221;Minas-400&#215;284&#8243; _builder_version=&#8221;4.23.1&#8243; _module_preset=&#8221;default&#8221; global_colors_info=&#8221;{}&#8221;][\/et_pb_image][\/et_pb_column][et_pb_column type=&#8221;1_4&#8243; _builder_version=&#8221;4.23.1&#8243; _module_preset=&#8221;default&#8221; global_colors_info=&#8221;{}&#8221;][et_pb_image src=&#8221;https:\/\/blaagaards.dk\/wp-content\/uploads\/2023\/11\/TEKNO-400&#215;284-1.png&#8221; title_text=&#8221;TEKNO-400&#215;284&#8243; _builder_version=&#8221;4.23.1&#8243; _module_preset=&#8221;default&#8221; global_colors_info=&#8221;{}&#8221;][\/et_pb_image][\/et_pb_column][et_pb_column type=&#8221;1_4&#8243; _builder_version=&#8221;4.23.1&#8243; _module_preset=&#8221;default&#8221; global_colors_info=&#8221;{}&#8221;][et_pb_image src=&#8221;https:\/\/blaagaards.dk\/wp-content\/uploads\/2023\/11\/oel_logoer3-400&#215;284-1.png&#8221; title_text=&#8221;oel_logoer3-400&#215;284&#8243; _builder_version=&#8221;4.23.1&#8243; _module_preset=&#8221;default&#8221; global_colors_info=&#8221;{}&#8221;][\/et_pb_image][\/et_pb_column][\/et_pb_row][et_pb_row column_structure=&#8221;1_4,1_4,1_4,1_4&#8243; _builder_version=&#8221;4.23.1&#8243; _module_preset=&#8221;default&#8221; global_colors_info=&#8221;{}&#8221;][et_pb_column type=&#8221;1_4&#8243; _builder_version=&#8221;4.23.1&#8243; _module_preset=&#8221;default&#8221; global_colors_info=&#8221;{}&#8221;][et_pb_image src=&#8221;https:\/\/blaagaards.dk\/wp-content\/uploads\/2023\/11\/Harbobar-01-1-400&#215;284-1.png&#8221; title_text=&#8221;Harbobar-01-1-400&#215;284&#8243; _builder_version=&#8221;4.23.1&#8243; _module_preset=&#8221;default&#8221; global_colors_info=&#8221;{}&#8221;][\/et_pb_image][\/et_pb_column][et_pb_column type=&#8221;1_4&#8243; _builder_version=&#8221;4.23.1&#8243; _module_preset=&#8221;default&#8221; global_colors_info=&#8221;{}&#8221;][et_pb_image src=&#8221;https:\/\/blaagaards.dk\/wp-content\/uploads\/2023\/11\/theo-04-400&#215;284-1.png&#8221; title_text=&#8221;theo-04-400&#215;284&#8243; _builder_version=&#8221;4.23.1&#8243; _module_preset=&#8221;default&#8221; global_colors_info=&#8221;{}&#8221;][\/et_pb_image][\/et_pb_column][et_pb_column type=&#8221;1_4&#8243; _builder_version=&#8221;4.23.1&#8243; _module_preset=&#8221;default&#8221; global_colors_info=&#8221;{}&#8221;][et_pb_image src=&#8221;https:\/\/blaagaards.dk\/wp-content\/uploads\/2023\/11\/oel_logoer2-400&#215;284-1.png&#8221; title_text=&#8221;oel_logoer2-400&#215;284&#8243; _builder_version=&#8221;4.23.1&#8243; _module_preset=&#8221;default&#8221; global_colors_info=&#8221;{}&#8221;][\/et_pb_image][\/et_pb_column][et_pb_column type=&#8221;1_4&#8243; _builder_version=&#8221;4.23.1&#8243; _module_preset=&#8221;default&#8221; global_colors_info=&#8221;{}&#8221;][et_pb_image src=&#8221;https:\/\/blaagaards.dk\/wp-content\/uploads\/2023\/11\/noerrebrew-logo.png&#8221; alt=&#8221;N\u00f8rrebrew logo&#8221; title_text=&#8221;noerrebrew-logo&#8221; _builder_version=&#8221;4.23.1&#8243; _module_preset=&#8221;default&#8221; global_colors_info=&#8221;{}&#8221;][\/et_pb_image][\/et_pb_column][\/et_pb_row][\/et_pb_section][et_pb_section fb_built=&#8221;1&#8243; _builder_version=&#8221;4.23.1&#8243; _module_preset=&#8221;default&#8221; background_color=&#8221;#E09900&#8243; global_colors_info=&#8221;{}&#8221;][et_pb_row column_structure=&#8221;1_2,1_2&#8243; make_equal=&#8221;on&#8221; _builder_version=&#8221;4.23.1&#8243; _module_preset=&#8221;default&#8221; global_colors_info=&#8221;{}&#8221;][et_pb_column type=&#8221;1_2&#8243; _builder_version=&#8221;4.23.1&#8243; _module_preset=&#8221;default&#8221; custom_css_main_element=&#8221;margin: auto;&#8221; global_colors_info=&#8221;{}&#8221;][et_pb_text _builder_version=&#8221;4.23.1&#8243; _module_preset=&#8221;default&#8221; global_colors_info=&#8221;{}&#8221;]<\/p>\n<h2 style=\"text-align: center;\">HAR DU BRUG FOR ET FAD\u00d8LSANL\u00c6G?<\/h2>\n<p style=\"text-align: center;\"><a href=\"mailto:kontakt@noerrebrew.dk\">Skriv til os<\/a>, hvis du skal bruge et fad\u00f8lsanl\u00e6g til din n\u00e6ste fest eller i din bar<\/p>\n<p>[\/et_pb_text][\/et_pb_column][et_pb_column type=&#8221;1_2&#8243; _builder_version=&#8221;4.23.1&#8243; _module_preset=&#8221;default&#8221; global_colors_info=&#8221;{}&#8221;][et_pb_image src=&#8221;https:\/\/blaagaards.dk\/wp-content\/uploads\/2023\/11\/Fadoel1.png&#8221; alt=&#8221;Bl\u00e5g\u00e5rds fad\u00f8lsanl\u00e6g&#8221; title_text=&#8221;Fadoel(1)&#8221; _builder_version=&#8221;4.23.1&#8243; _module_preset=&#8221;default&#8221; global_colors_info=&#8221;{}&#8221;][\/et_pb_image][\/et_pb_column][\/et_pb_row][\/et_pb_section][et_pb_section fb_built=&#8221;1&#8243; _builder_version=&#8221;4.23.1&#8243; _module_preset=&#8221;default&#8221; background_color=&#8221;#EEEDDD&#8221; global_colors_info=&#8221;{}&#8221;][et_pb_row _builder_version=&#8221;4.23.1&#8243; _module_preset=&#8221;default&#8221; global_colors_info=&#8221;{}&#8221;][et_pb_column type=&#8221;4_4&#8243; _builder_version=&#8221;4.23.1&#8243; _module_preset=&#8221;default&#8221; global_colors_info=&#8221;{}&#8221;][et_pb_text _builder_version=&#8221;4.23.1&#8243; _module_preset=&#8221;default&#8221; global_colors_info=&#8221;{}&#8221;]<\/p>\n<h2 style=\"text-align: center;\">HVEM ER BL\u00c5G\u00c5RDS?<\/h2>\n<div class=\"et_pb_module et_pb_text et_pb_text_14  et_pb_text_align_left et_pb_bg_layout_light\">\n<div class=\"et_pb_text_inner\">\n<p style=\"text-align: center;\"><span>Bl\u00e5g\u00e5rds er en del af \u00f8ko-bryggeriet, N\u00f8rrebrew.<span class=\"Apple-converted-space\">\u00a0 <\/span><\/span>Ideen til \u00f8llene fik vi tilbage til 2015, hvor vi var med til at afvikle barerne til Bl\u00e5g\u00e5rds Festival. Siden l\u00e5 projektet og modnede indtil corona-nedlukningen i 2020 gav os et uvant pusterum og tid til at brygge videre p\u00e5 gamle ideer.<\/p>\n<p style=\"text-align: center;\">Navnet\u00a0<i>Bl\u00e5g\u00e5rds<\/i> har vi ladet h\u00e6nge ved, selvom inspirationen kom for efterh\u00e5nden l\u00e6nge siden. \u00d8llen og navnet er dedikeret til den gade og plads, der uanset om det er dit barndomskvarter eller du er N\u00f8rrebro-tilflytter, altid vil v\u00e6re noget helt s\u00e6rligt.<\/p>\n<\/div>\n<\/div>\n<p>[\/et_pb_text][\/et_pb_column][\/et_pb_row][\/et_pb_section][et_pb_section fb_built=&#8221;1&#8243; _builder_version=&#8221;4.23.1&#8243; _module_preset=&#8221;default&#8221; background_color=&#8221;#AD1F26&#8243; custom_padding=&#8221;25px||25px||false|false&#8221; global_colors_info=&#8221;{}&#8221;][et_pb_row column_structure=&#8221;1_3,1_3,1_3&#8243; make_equal=&#8221;on&#8221; _builder_version=&#8221;4.23.1&#8243; _module_preset=&#8221;default&#8221; global_colors_info=&#8221;{}&#8221;][et_pb_column type=&#8221;1_3&#8243; _builder_version=&#8221;4.23.1&#8243; _module_preset=&#8221;default&#8221; global_colors_info=&#8221;{}&#8221;][et_pb_image src=&#8221;https:\/\/blaagaards.dk\/wp-content\/uploads\/2023\/11\/blagards_2023_logo3.png&#8221; alt=&#8221;Bl\u00e5g\u00e5rds logo white&#8221; title_text=&#8221;bla\u030aga\u030ards_2023_logo3&#8243; _builder_version=&#8221;4.23.1&#8243; _module_preset=&#8221;default&#8221; global_colors_info=&#8221;{}&#8221;][\/et_pb_image][\/et_pb_column][et_pb_column type=&#8221;1_3&#8243; _builder_version=&#8221;4.23.1&#8243; _module_preset=&#8221;default&#8221; custom_css_main_element=&#8221;margin: auto;&#8221; global_colors_info=&#8221;{}&#8221;][et_pb_text _builder_version=&#8221;4.23.1&#8243; _module_preset=&#8221;default&#8221; global_colors_info=&#8221;{}&#8221;]<\/p>\n<p style=\"text-align: center;\"><span style=\"color: #ffffff;\">N\u00f8rrebrew ApS<\/span><br \/>\n<span style=\"color: #ffffff;\">Esromgade 15, 2407<\/span><br \/>\n<span style=\"color: #ffffff;\">K\u00f8benhavn N<\/span><br \/>\n<span style=\"color: #ffffff;\">+45 50 46 53 04<\/span><br \/>\n<span style=\"color: #ffffff;\">kontakt@noerrebrew.dk<\/span><br \/>\n<span style=\"color: #ffffff;\">CVR 25 70 62 85<\/span><\/p>\n<p>[\/et_pb_text][\/et_pb_column][et_pb_column type=&#8221;1_3&#8243; _builder_version=&#8221;4.23.1&#8243; _module_preset=&#8221;default&#8221; custom_css_main_element=&#8221;margin: auto;&#8221; global_colors_info=&#8221;{}&#8221;][et_pb_image src=&#8221;https:\/\/blaagaards.dk\/wp-content\/uploads\/2023\/11\/noerrebrew-logo.png&#8221; alt=&#8221;N\u00f8rrebrew logo&#8221; title_text=&#8221;noerrebrew-logo&#8221; url=&#8221;https:\/\/norrebrew.com&#8221; url_new_window=&#8221;on&#8221; _builder_version=&#8221;4.23.1&#8243; _module_preset=&#8221;default&#8221; custom_padding=&#8221;|50px||50px|false|false&#8221; global_colors_info=&#8221;{}&#8221;][\/et_pb_image][\/et_pb_column][\/et_pb_row][\/et_pb_section]<\/p>\n","protected":false},"excerpt":{"rendered":"<p>\u00d8kologiske \u00f8l<\/p>\n","protected":false},"author":1,"featured_media":8,"parent":0,"menu_order":0,"comment_status":"closed","ping_status":"closed","template":"","meta":{"_et_pb_use_builder":"on","_et_pb_old_content":"","_et_gb_content_width":"","footnotes":""},"_links":{"self":[{"href":"https:\/\/blaagaards.dk\/index.php?rest_route=\/wp\/v2\/pages\/15"}],"collection":[{"href":"https:\/\/blaagaards.dk\/index.php?rest_route=\/wp\/v2\/pages"}],"about":[{"href":"https:\/\/blaagaards.dk\/index.php?rest_route=\/wp\/v2\/types\/page"}],"author":[{"embeddable":true,"href":"https:\/\/blaagaards.dk\/index.php?rest_route=\/wp\/v2\/users\/1"}],"replies":[{"embeddable":true,"href":"https:\/\/blaagaards.dk\/index.php?rest_route=%2Fwp%2Fv2%2Fcomments&post=15"}],"version-history":[{"count":11,"href":"https:\/\/blaagaards.dk\/index.php?rest_route=\/wp\/v2\/pages\/15\/revisions"}],"predecessor-version":[{"id":73,"href":"https:\/\/blaagaards.dk\/index.php?rest_route=\/wp\/v2\/pages\/15\/revisions\/73"}],"wp:featuredmedia":[{"embeddable":true,"href":"https:\/\/blaagaards.dk\/index.php?rest_route=\/wp\/v2\/media\/8"}],"wp:attachment":[{"href":"https:\/\/blaagaards.dk\/index.php?rest_route=%2Fwp%2Fv2%2Fmedia&parent=15"}],"curies":[{"name":"wp","href":"https:\/\/api.w.org\/{rel}","templated":true}]}}